{"id":247962,"date":"2022-10-19T10:25:38","date_gmt":"2022-10-19T08:25:38","guid":{"rendered":"https:\/\/hotel-alparena.com\/la-rosiere-transport\/"},"modified":"2023-10-31T16:24:34","modified_gmt":"2023-10-31T15:24:34","slug":"la-rosiere-transport","status":"publish","type":"page","link":"https:\/\/hotel-alparena.com\/en\/la-rosiere-transport\/","title":{"rendered":"La Rosi\u00e8re  transport"},"content":{"rendered":"<p>[et_pb_section fb_built=&#8221;1&#8243; fullwidth=&#8221;on&#8221; _builder_version=&#8221;4.18.0&#8243; _module_preset=&#8221;default&#8221; global_colors_info=&#8221;{}&#8221;][et_pb_fullwidth_code _builder_version=&#8221;4.18.0&#8243; _module_preset=&#8221;default&#8221; global_colors_info=&#8221;{}&#8221;]<a href=\"https:\/\/www.tictactrip.eu\" id=\"ttt-widget\" data-iframe-partnerId=\"WB-ALPARENA\">. <\/a><!-- [et_pb_line_break_holder] --><script async type=\"text\/javascript\" src=\"https:\/\/widgetbooking.tictactrip.eu\/index.js\"><\/script>[\/et_pb_fullwidth_code][\/et_pb_section][et_pb_section fb_built=&#8221;1&#8243; module_id=&#8221;resalys-search-section&#8221; _builder_version=&#8221;4.21.0&#8243; custom_margin=&#8221;0px||-40px||false|false&#8221; custom_margin_tablet=&#8221;||-70px&#8221; custom_margin_phone=&#8221;||-20px|&#8221; custom_margin_last_edited=&#8221;on|phone&#8221; custom_padding=&#8221;0||0px||false|false&#8221; global_colors_info=&#8221;{}&#8221; global_module=&#8221;248525&#8243; theme_builder_area=&#8221;post_content&#8221;][et_pb_row _builder_version=&#8221;4.16&#8243; custom_margin=&#8221;0px||0px||false|false&#8221; custom_padding=&#8221;27px|0px|0px|0px|false|false&#8221; global_colors_info=&#8221;{}&#8221; theme_builder_area=&#8221;post_content&#8221;][et_pb_column type=&#8221;4_4&#8243; _builder_version=&#8221;4.16&#8243; custom_padding=&#8221;||0px|&#8221; global_colors_info=&#8221;{}&#8221; custom_padding__hover=&#8221;|||&#8221; theme_builder_area=&#8221;post_content&#8221;][et_pb_text admin_label=&#8221;R\u00e9servez votre s\u00e9jour&#8221; _builder_version=&#8221;4.16&#8243; text_font=&#8221;Roboto-Bold|700|||||||&#8221; text_text_color=&#8221;#4f4134&#8243; header_font=&#8221;||||||||&#8221; header_letter_spacing=&#8221;26px&#8221; header_3_font=&#8221;Roboto|700|||||||&#8221; header_3_text_color=&#8221;#4f4134&#8243; header_3_letter_spacing=&#8221;6px&#8221; text_orientation=&#8221;center&#8221; custom_margin=&#8221;1px||16px|||&#8221; custom_margin_tablet=&#8221;&#8221; custom_margin_phone=&#8221;&#8221; custom_margin_last_edited=&#8221;on|desktop&#8221; custom_padding=&#8221;0px||0px|&#8221; text_font_size_tablet=&#8221;&#8221; text_font_size_phone=&#8221;&#8221; text_font_size_last_edited=&#8221;on|desktop&#8221; text_letter_spacing_tablet=&#8221;&#8221; text_letter_spacing_phone=&#8221;5px&#8221; text_letter_spacing_last_edited=&#8221;on|desktop&#8221; custom_css_before=&#8221;content: %22%92f073%22;||font-family: &#8216;FontAwesome&#8217;;||font-weight: normal;||font-size:40px;||margin-bottom:30px;||display:block;||&#8221; global_colors_info=&#8221;{}&#8221; theme_builder_area=&#8221;post_content&#8221;]<\/p>\n<h3>Book your stay at La Rosi\u00e8re<\/h3>\n<div id=\"gtx-trans\" style=\"position: absolute; left: -41px; top: 9px;\">\n<div class=\"gtx-trans-icon\">\u00a0<\/div>\n<\/div>\n<p>[\/et_pb_text][balcons_resalys_search resalys_base_url=&#8221;https:\/\/reservation.hotel-alparena.com\/rsl\/clickbooking?&#8221; webuser=&#8221;web92hotellr&#8221; language_code=&#8221;FR&#8221; visibility=&#8221;off&#8221; _builder_version=&#8221;4.21.0&#8243; _module_preset=&#8221;default&#8221; global_colors_info=&#8221;{}&#8221; theme_builder_area=&#8221;post_content&#8221;][balcons_etablissement name_etab=&#8221;H\u00f4tel Alparena&#8221; etab_id=&#8221;11&#8243; heb_ouvert_date_summer=&#8221;01\/07\/2023&#8243; heb_close_date_summer=&#8221;27\/08\/2023&#8243; heb_ouvert_date_winter=&#8221;23\/12\/2023&#8243; heb_close_date_winter=&#8221;13\/04\/2024&#8243; station=&#8221;La Rosi\u00e8re&#8221; _builder_version=&#8221;4.21.0&#8243; _module_preset=&#8221;default&#8221; global_colors_info=&#8221;{}&#8221; theme_builder_area=&#8221;post_content&#8221;][\/balcons_etablissement][\/balcons_resalys_search][\/et_pb_column][\/et_pb_row][\/et_pb_section]<\/p>\n","protected":false},"excerpt":{"rendered":"<p>Book your stay at La Rosi\u00e8re \u00a0 <div class=\"et_pb_module balcons_resalys_search balcons_resalys_search_0\">\n\t\t\t\t\n\t\t\t\t\n\t\t\t\t\n\t\t\t\t\n\t\t\t\t\n\t\t\t\t\n\t\t\t\t<div class=\"et_pb_module_inner\">\n\t\t\t\t\t<div class=\"balcons-search-engine\">\r\r\n    <div class=\"balcons-search-engine-inner\">\r\r\n        <div class=\"search-engine-col field-etabs-wrapper sw-destination\">\r\r\n    <div class=\"search-engine-field-label ae-search-engine-field-label\">your stay at<\/div>\r\r\n    <div class=\"search-engine-field\" id=\"field-etabs\">\r\r\n        <div class=\"search-engine-field-col\">\r\r\n            <span class=\"search-engine-field-value\">All destinations<\/span>\r\r\n        <\/div>\r\r\n    <\/div>\r\r\n    <div class=\"etabs-picker\">\r\r\n        <div class=\"etabs-picker-inner\">\r\r\n            <div class=\"etabs-picker-title\"><a href=\"#\" class=\"all-heb\">All the accommodations<\/a><\/div>\r\r\n            \r\n                <div class=\"stations-list ae-stations-list\">\r\r\n                    \r\n                        <div class=\"stations-list-item ae-stations-list-item\">\r\r\n                            <div class=\"station-etabs ae-station-etabs\">\r\r\n                                <div class=\"station-title\">La Rosi\u00e8re<\/div>\r\r\n                                \r\n                                    <ul class=\"station-etabs-list\">\r\r\n                                        \r\n                                            <li\r\r\n                                                data-etab-id=\"11\"\r\r\n                                                data-open-date=\"01\/07\/2023\"\r\r\n                                                data-close-date=\"27\/08\/2023\"\r\r\n                                                data-open-date-2=\"23\/12\/2023\"\r\r\n                                                data-close-date-2=\"13\/04\/2024\"\r\r\n                                            >\r\r\n                                                H\u00f4tel Alparena\r\n                                            <\/li>\r\r\n                                        \r\n                                    <\/ul>\r\r\n                                \r\n                            <\/div>\r\r\n                        <\/div>\r\r\n                    \r\n                <\/div>\r\r\n            \r\n        <\/div>\r\r\n    <\/div>\r\r\n<\/div><div class=\"search-engine-col field-dates-wrapper\">\r\r\n    <div class=\"search-engine-field-label ae-search-engine-field-label ae-d-sm-none\">At which date<\/div>\r\r\n    <div\r\r\n            class=\"search-engine-field field-dates ae-field-dates\"\r\r\n            id=\"field-dates\"\r\r\n            data-language-code=\"en\"\r\r\n            data-departure-date-msg=\"Please select the departure date\"\r\r\n            data-arrival-date-msg=\"Please select the arrival date\"\r\r\n    >\r\r\n        <div class=\"search-engine-field-col arrivee\">\r\r\n            <span class=\"search-engine-field-value\" data-default-text=\"Arrival\">Arrival<\/span>\r\r\n        <\/div>\r\r\n        <div class=\"search-engine-field-col depart\">\r\r\n            <span class=\"search-engine-field-value\" data-default-text=\"Departure\">Departure<\/span>\r\r\n        <\/div>\r\r\n    <\/div>\r\r\n<\/div><div class=\"search-engine-col field-persons-wrapper ae-field-persons-wrapper\">\r\r\n    <div class=\"search-engine-field-label ae-search-engine-field-label ae-d-sm-none\">Persons<\/div>\r\r\n    <div class=\"search-engine-field ae-field-persons\" id=\"field-persons\">\r\r\n        <div class=\"search-engine-field-col\">\r\r\n            <div class=\"search-engine-field-value\">2<\/div>\r\r\n        <\/div>\r\r\n    <\/div>\r\r\n    <div class=\"persons-control\">\r\r\n        <div class=\"persons-control-inner\">\r\r\n            <div class=\"persons-control-row\" data-input-name=\"search_form_nb_adults\">\r\r\n                <div class=\"persons-control-col\">\r\r\n                    <div class=\"persons-control-title\">Adults<\/div>\r\r\n                    <div class=\"persons-control-help\"><\/div>\r\r\n                <\/div>\r\r\n                <div class=\"persons-control-col\">\r\r\n                    <div class=\"persons-control-btn persons-dec\"><\/div>\r\r\n                    <div class=\"persons-control-value\">2<\/div>\r\r\n                    <div class=\"persons-control-btn persons-inc\"><\/div>\r\r\n                <\/div>\r\r\n            <\/div>\r\r\n            <div class=\"persons-control-row\" data-input-name=\"search_form_nb_children_1\">\r\r\n                <div class=\"persons-control-col\">\r\r\n                    <div class=\"persons-control-title\">Children<\/div>\r\r\n                    <div class=\"persons-control-help\">2 to 12 years old<\/div>\r\r\n                <\/div>\r\r\n                <div class=\"persons-control-col\">\r\r\n                    <div class=\"persons-control-btn persons-dec\"><\/div>\r\r\n                    <div class=\"persons-control-value\">0<\/div>\r\r\n                    <div class=\"persons-control-btn persons-inc\"><\/div>\r\r\n                <\/div>\r\r\n            <\/div>\r\r\n            <div class=\"persons-control-row\" data-input-name=\"search_form_nb_babies\">\r\r\n                <div class=\"persons-control-col\">\r\r\n                    <div class=\"persons-control-title\">Babies<\/div>\r\r\n                    <div class=\"persons-control-help\">younger than 2 years old<\/div>\r\r\n                <\/div>\r\r\n                <div class=\"persons-control-col\">\r\r\n                    <div class=\"persons-control-btn persons-dec\"><\/div>\r\r\n                    <div class=\"persons-control-value\">0<\/div>\r\r\n                    <div class=\"persons-control-btn persons-inc\"><\/div>\r\r\n                <\/div>\r\r\n            <\/div>\r\r\n        <\/div>\r\r\n    <\/div>\r\r\n<\/div>\r\n        <div class=\"search-engine-col sw-blockBtn\">\r\r\n            <button class=\"submit-btn\">Search<\/button>\r\r\n        <\/div>\r\r\n    <\/div>\r\r\n\r\r\n    \r\n\r\r\n    <form action=\"https:\/\/reservation.hotel-alparena.com\/rsl\/clickbooking?\/rsl\/clickbooking\" method=\"GET\">\r\r\n        <input type=\"hidden\" name=\"webuser\" value=\"web92hotellr\">\r\r\n        <input type=\"hidden\" name=\"actions\" value=\"updateCriterias;getProposals\">\r\r\n        <input type=\"hidden\" name=\"tokens\" value=\"ignore_token\">\r\r\n        <input type=\"hidden\" name=\"display\" value=\"search_results\">\r\r\n        <input type=\"hidden\" name=\"criterias_object_name\" value=\"search_form\">\r\r\n        <input type=\"hidden\" name=\"search_form_max_rooms\" value=\"1\">\r\r\n        <input type=\"hidden\" name=\"search_form_campaign_list\" value=\"\">\r\r\n        <input type=\"hidden\" name=\"search_form_etab_list\" value=\"\">\r\r\n        <input type=\"hidden\" name=\"search_form_nb_days\" value=\"7\">\r\r\n        <input type=\"hidden\" name=\"search_form_start_date\" value=\"10\/04\/2026\">\r\r\n        <input type=\"hidden\" name=\"search_form_nb_adults\" value=\"2\" min=\"1\">\r\r\n        <input type=\"hidden\" name=\"search_form_nb_children_1\" value=\"0\" min=\"0\">\r\r\n        <input type=\"hidden\" name=\"search_form_nb_babies\" value=\"0\" min=\"0\">\r\r\n\r\r\n        <input type=\"hidden\" name=\"source\" value=\"\">\r\r\n\r\r\n        \r\n            <input type=\"hidden\" name=\"langcode\" value=\"FR\">\r\r\n        \r\n    <\/form>\r\r\n<\/div>\r\r\n\r\r\n<script>\r\r\n    jQuery(document).ready(function() {\r\r\n        \r\n            jQuery('body').append('<a href=\"#\" class=\"resalys-search-btn d-none d-lg-block\" id=\"resalys-search-btn\"><i class=\"cal\"><\/i>Search<\/a>');\r\r\n            jQuery('body').append('<div class=\"resalys-search-wrapper\"><a href=\"#\" class=\"resalys-close-btn\" id=\"resalys-close-btn\"><\/a><\/div>');\r\r\n\r\r\n        \r\n\r\r\n        \r\n            jQuery('#resalys-search-section').hide();\r\r\n        \r\n    });\r\r\n<\/script>\r\r\n\n\t\t\t\t<\/div>\n\t\t\t<\/div><\/p>\n","protected":false},"author":5,"featured_media":0,"parent":0,"menu_order":0,"comment_status":"closed","ping_status":"closed","template":"","meta":{"_et_pb_use_builder":"on","_et_pb_old_content":"","_et_gb_content_width":"","footnotes":""},"class_list":["post-247962","page","type-page","status-publish","hentry"],"yoast_head":"<!-- This site is optimized with the Yoast SEO plugin v27.2 - https:\/\/yoast.com\/product\/yoast-seo-wordpress\/ -->\n<title>La Rosi\u00e8re transport - H\u00f4tel Alparena 4 \u00e9toiles &amp; Spa | La Rosi\u00e8re 1850<\/title>\n<meta name=\"description\" content=\"La Rosi\u00e8re station transport comparator | Savoie - By train, by car, by bus, by carpooling.\" \/>\n<meta name=\"robots\" content=\"index, follow, max-snippet:-1, max-image-preview:large, max-video-preview:-1\" \/>\n<link rel=\"canonical\" href=\"https:\/\/hotel-alparena.com\/en\/la-rosiere-transport\/\" \/>\n<meta property=\"og:locale\" content=\"en_US\" \/>\n<meta property=\"og:type\" content=\"article\" \/>\n<meta property=\"og:title\" content=\"La Rosi\u00e8re transport - H\u00f4tel Alparena 4 \u00e9toiles &amp; Spa | La Rosi\u00e8re 1850\" \/>\n<meta property=\"og:description\" content=\"La Rosi\u00e8re station transport comparator | Savoie - By train, by car, by bus, by carpooling.\" \/>\n<meta property=\"og:url\" content=\"https:\/\/hotel-alparena.com\/en\/la-rosiere-transport\/\" \/>\n<meta property=\"og:site_name\" content=\"H\u00f4tel Alparena 4 \u00e9toiles &amp; Spa | La Rosi\u00e8re 1850\" \/>\n<meta property=\"article:publisher\" content=\"https:\/\/www.facebook.com\/HotelAlparena\/\" \/>\n<meta property=\"article:modified_time\" content=\"2023-10-31T15:24:34+00:00\" \/>\n<meta property=\"og:image\" content=\"https:\/\/hotel-alparena.com\/wp-content\/uploads\/2019\/02\/hotel-alparena-vue-exterieur-ski-190202_189.jpg\" \/>\n\t<meta property=\"og:image:width\" content=\"2048\" \/>\n\t<meta property=\"og:image:height\" content=\"1365\" \/>\n\t<meta property=\"og:image:type\" content=\"image\/jpeg\" \/>\n<meta name=\"twitter:card\" content=\"summary_large_image\" \/>\n<meta name=\"twitter:label1\" content=\"Est. reading time\" \/>\n\t<meta name=\"twitter:data1\" content=\"2 minutes\" \/>\n<script type=\"application\/ld+json\" class=\"yoast-schema-graph\">{\"@context\":\"https:\/\/schema.org\",\"@graph\":[{\"@type\":\"WebPage\",\"@id\":\"https:\/\/hotel-alparena.com\/en\/la-rosiere-transport\/\",\"url\":\"https:\/\/hotel-alparena.com\/en\/la-rosiere-transport\/\",\"name\":\"La Rosi\u00e8re transport - H\u00f4tel Alparena 4 \u00e9toiles &amp; Spa | La Rosi\u00e8re 1850\",\"isPartOf\":{\"@id\":\"https:\/\/hotel-alparena.com\/en\/#website\"},\"datePublished\":\"2022-10-19T08:25:38+00:00\",\"dateModified\":\"2023-10-31T15:24:34+00:00\",\"description\":\"La Rosi\u00e8re station transport comparator | Savoie - By train, by car, by bus, by carpooling.\",\"breadcrumb\":{\"@id\":\"https:\/\/hotel-alparena.com\/en\/la-rosiere-transport\/#breadcrumb\"},\"inLanguage\":\"en-US\",\"potentialAction\":[{\"@type\":\"ReadAction\",\"target\":[\"https:\/\/hotel-alparena.com\/en\/la-rosiere-transport\/\"]}]},{\"@type\":\"BreadcrumbList\",\"@id\":\"https:\/\/hotel-alparena.com\/en\/la-rosiere-transport\/#breadcrumb\",\"itemListElement\":[{\"@type\":\"ListItem\",\"position\":1,\"name\":\"Accueil Blog\",\"item\":\"https:\/\/hotel-alparena.com\/en\/hotel-alparena-2\/\"},{\"@type\":\"ListItem\",\"position\":2,\"name\":\"La Rosi\u00e8re transport\"}]},{\"@type\":\"WebSite\",\"@id\":\"https:\/\/hotel-alparena.com\/en\/#website\",\"url\":\"https:\/\/hotel-alparena.com\/en\/\",\"name\":\"H\u00f4tel Alparena 4 \u00e9toiles &amp; Spa | La Rosi\u00e8re 1850\",\"description\":\"H\u00f4tel Alparena **** &amp; Spa | Site Officiel\",\"publisher\":{\"@id\":\"https:\/\/hotel-alparena.com\/en\/#organization\"},\"potentialAction\":[{\"@type\":\"SearchAction\",\"target\":{\"@type\":\"EntryPoint\",\"urlTemplate\":\"https:\/\/hotel-alparena.com\/en\/?s={search_term_string}\"},\"query-input\":{\"@type\":\"PropertyValueSpecification\",\"valueRequired\":true,\"valueName\":\"search_term_string\"}}],\"inLanguage\":\"en-US\"},{\"@type\":\"Organization\",\"@id\":\"https:\/\/hotel-alparena.com\/en\/#organization\",\"name\":\"H\u00f4tel Alparena 4* et spa\",\"url\":\"https:\/\/hotel-alparena.com\/en\/\",\"logo\":{\"@type\":\"ImageObject\",\"inLanguage\":\"en-US\",\"@id\":\"https:\/\/hotel-alparena.com\/en\/#\/schema\/logo\/image\/\",\"url\":\"https:\/\/hotel-alparena.com\/wp-content\/uploads\/2018\/10\/alparena_logo-462X279.jpg\",\"contentUrl\":\"https:\/\/hotel-alparena.com\/wp-content\/uploads\/2018\/10\/alparena_logo-462X279.jpg\",\"width\":462,\"height\":279,\"caption\":\"H\u00f4tel Alparena 4* et spa\"},\"image\":{\"@id\":\"https:\/\/hotel-alparena.com\/en\/#\/schema\/logo\/image\/\"},\"sameAs\":[\"https:\/\/www.facebook.com\/HotelAlparena\/\"]}]}<\/script>\n<!-- \/ Yoast SEO plugin. -->","yoast_head_json":{"title":"La Rosi\u00e8re transport - H\u00f4tel Alparena 4 \u00e9toiles &amp; Spa | La Rosi\u00e8re 1850","description":"La Rosi\u00e8re station transport comparator | Savoie - By train, by car, by bus, by carpooling.","robots":{"index":"index","follow":"follow","max-snippet":"max-snippet:-1","max-image-preview":"max-image-preview:large","max-video-preview":"max-video-preview:-1"},"canonical":"https:\/\/hotel-alparena.com\/en\/la-rosiere-transport\/","og_locale":"en_US","og_type":"article","og_title":"La Rosi\u00e8re transport - H\u00f4tel Alparena 4 \u00e9toiles &amp; Spa | La Rosi\u00e8re 1850","og_description":"La Rosi\u00e8re station transport comparator | Savoie - By train, by car, by bus, by carpooling.","og_url":"https:\/\/hotel-alparena.com\/en\/la-rosiere-transport\/","og_site_name":"H\u00f4tel Alparena 4 \u00e9toiles &amp; Spa | La Rosi\u00e8re 1850","article_publisher":"https:\/\/www.facebook.com\/HotelAlparena\/","article_modified_time":"2023-10-31T15:24:34+00:00","og_image":[{"width":2048,"height":1365,"url":"https:\/\/hotel-alparena.com\/wp-content\/uploads\/2019\/02\/hotel-alparena-vue-exterieur-ski-190202_189.jpg","type":"image\/jpeg"}],"twitter_card":"summary_large_image","twitter_misc":{"Est. reading time":"2 minutes"},"schema":{"@context":"https:\/\/schema.org","@graph":[{"@type":"WebPage","@id":"https:\/\/hotel-alparena.com\/en\/la-rosiere-transport\/","url":"https:\/\/hotel-alparena.com\/en\/la-rosiere-transport\/","name":"La Rosi\u00e8re transport - H\u00f4tel Alparena 4 \u00e9toiles &amp; Spa | La Rosi\u00e8re 1850","isPartOf":{"@id":"https:\/\/hotel-alparena.com\/en\/#website"},"datePublished":"2022-10-19T08:25:38+00:00","dateModified":"2023-10-31T15:24:34+00:00","description":"La Rosi\u00e8re station transport comparator | Savoie - By train, by car, by bus, by carpooling.","breadcrumb":{"@id":"https:\/\/hotel-alparena.com\/en\/la-rosiere-transport\/#breadcrumb"},"inLanguage":"en-US","potentialAction":[{"@type":"ReadAction","target":["https:\/\/hotel-alparena.com\/en\/la-rosiere-transport\/"]}]},{"@type":"BreadcrumbList","@id":"https:\/\/hotel-alparena.com\/en\/la-rosiere-transport\/#breadcrumb","itemListElement":[{"@type":"ListItem","position":1,"name":"Accueil Blog","item":"https:\/\/hotel-alparena.com\/en\/hotel-alparena-2\/"},{"@type":"ListItem","position":2,"name":"La Rosi\u00e8re transport"}]},{"@type":"WebSite","@id":"https:\/\/hotel-alparena.com\/en\/#website","url":"https:\/\/hotel-alparena.com\/en\/","name":"H\u00f4tel Alparena 4 \u00e9toiles &amp; Spa | La Rosi\u00e8re 1850","description":"H\u00f4tel Alparena **** &amp; Spa | Site Officiel","publisher":{"@id":"https:\/\/hotel-alparena.com\/en\/#organization"},"potentialAction":[{"@type":"SearchAction","target":{"@type":"EntryPoint","urlTemplate":"https:\/\/hotel-alparena.com\/en\/?s={search_term_string}"},"query-input":{"@type":"PropertyValueSpecification","valueRequired":true,"valueName":"search_term_string"}}],"inLanguage":"en-US"},{"@type":"Organization","@id":"https:\/\/hotel-alparena.com\/en\/#organization","name":"H\u00f4tel Alparena 4* et spa","url":"https:\/\/hotel-alparena.com\/en\/","logo":{"@type":"ImageObject","inLanguage":"en-US","@id":"https:\/\/hotel-alparena.com\/en\/#\/schema\/logo\/image\/","url":"https:\/\/hotel-alparena.com\/wp-content\/uploads\/2018\/10\/alparena_logo-462X279.jpg","contentUrl":"https:\/\/hotel-alparena.com\/wp-content\/uploads\/2018\/10\/alparena_logo-462X279.jpg","width":462,"height":279,"caption":"H\u00f4tel Alparena 4* et spa"},"image":{"@id":"https:\/\/hotel-alparena.com\/en\/#\/schema\/logo\/image\/"},"sameAs":["https:\/\/www.facebook.com\/HotelAlparena\/"]}]}},"_links":{"self":[{"href":"https:\/\/hotel-alparena.com\/en\/wp-json\/wp\/v2\/pages\/247962","targetHints":{"allow":["GET"]}}],"collection":[{"href":"https:\/\/hotel-alparena.com\/en\/wp-json\/wp\/v2\/pages"}],"about":[{"href":"https:\/\/hotel-alparena.com\/en\/wp-json\/wp\/v2\/types\/page"}],"author":[{"embeddable":true,"href":"https:\/\/hotel-alparena.com\/en\/wp-json\/wp\/v2\/users\/5"}],"replies":[{"embeddable":true,"href":"https:\/\/hotel-alparena.com\/en\/wp-json\/wp\/v2\/comments?post=247962"}],"version-history":[{"count":1,"href":"https:\/\/hotel-alparena.com\/en\/wp-json\/wp\/v2\/pages\/247962\/revisions"}],"predecessor-version":[{"id":801339,"href":"https:\/\/hotel-alparena.com\/en\/wp-json\/wp\/v2\/pages\/247962\/revisions\/801339"}],"wp:attachment":[{"href":"https:\/\/hotel-alparena.com\/en\/wp-json\/wp\/v2\/media?parent=247962"}],"curies":[{"name":"wp","href":"https:\/\/api.w.org\/{rel}","templated":true}]}}